{"id":2770,"date":"2023-01-11T15:35:36","date_gmt":"2023-01-11T15:35:36","guid":{"rendered":"https:\/\/kuadricar.com\/nuestras-tarifas\/"},"modified":"2024-11-01T15:48:35","modified_gmt":"2024-11-01T15:48:35","slug":"nuestras-tarifas","status":"publish","type":"page","link":"https:\/\/kuadricar.com\/de\/nuestras-tarifas\/","title":{"rendered":"Unsere Preise"},"content":{"rendered":"<div class=\"fusion-fullwidth fullwidth-box fusion-builder-row-1 fusion-flex-container nonhundred-percent-fullwidth non-hundred-percent-height-scrolling\" style=\"--awb-border-radius-top-left:0px;--awb-border-radius-top-right:0px;--awb-border-radius-bottom-right:0px;--awb-border-radius-bottom-left:0px;--awb-flex-wrap:wrap;\" ><div class=\"fusion-builder-row fusion-row fusion-flex-align-items-flex-start fusion-flex-content-wrap\" style=\"max-width:1206.4px;margin-left: calc(-4% \/ 2 );margin-right: calc(-4% \/ 2 );\"><div class=\"fusion-layout-column fusion_builder_column fusion-builder-column-0 fusion_builder_column_1_1 1_1 fusion-flex-column\" style=\"--awb-bg-size:cover;--awb-width-large:100%;--awb-margin-top-large:0px;--awb-spacing-right-large:1.92%;--awb-margin-bottom-large:0px;--awb-spacing-left-large:1.92%;--awb-width-medium:100%;--awb-spacing-right-medium:1.92%;--awb-spacing-left-medium:1.92%;--awb-width-small:100%;--awb-spacing-right-small:1.92%;--awb-spacing-left-small:1.92%;\"><div class=\"fusion-column-wrapper fusion-flex-justify-content-flex-start fusion-content-layout-column\"><div class=\"fusion-text fusion-text-1\" style=\"--awb-font-size:45px;\"><p style=\"text-align: center;\">Unsere Preise<\/p>\n<\/div><div class=\"fusion-text fusion-text-2\"><p class=\"p1\" style=\"text-align: center;\"><b>Anwendbare Tarife<a href=\"http:\/\/www.gobiernodecanarias.org\/boc\/archivo\/2023\/059\/\" target=\"_blank\" rel=\"noopener\">(BOC Nr. 59 ORDER vom 14. M\u00e4rz 2023<\/a>)<\/b><\/p>\n<div class=\"page\" title=\"Seite 5\">\n<div class=\"layoutArea\">\n<div class=\"column\">\n<p style=\"text-align: center;\">TARIFE F\u00dcR \u00d6FFENTLICHE INTERCITY-VERKEHRSDIENSTE<\/p>\n<p style=\"text-align: center;\">TARIFE F\u00dcR DEN INNERST\u00c4DTISCHEN \u00d6FFENTLICHEN GELEGENHEITSVERKEHR VON<\/p>\n<\/div>\n<\/div>\n<div class=\"layoutArea\" style=\"text-align: center;\">\n<div class=\"column\">\n<p>PERSONENBEF\u00d6RDERUNG IN TAXIS, DIE IN DER<\/p>\n<\/div>\n<\/div>\n<div class=\"layoutArea\" style=\"text-align: center;\">\n<div class=\"column\">\n<p>REISENDE IN TAXIFAHRZEUGEN, DIE IN DER AUTONOMEN GEMEINSCHAFT VON<\/p>\n<\/div>\n<\/div>\n<div class=\"layoutArea\">\n<div class=\"column\">\n<p style=\"text-align: center;\">AUTONOME GEMEINSCHAFT DER KANARISCHEN INSELN.<\/p>\n<\/div>\n<\/div>\n<div class=\"layoutArea\">\n<div class=\"column\">\n<div class=\"page\" title=\"Seite 3\">\n<div class=\"section\">\n<div class=\"layoutArea\">\n<div class=\"column\">\n<p>Artikel 1 &#8211; Zweck und Anwendungsbereich.<\/p>\n<p>Gegenstand dieses Erlasses ist die \u00c4nderung der Betr\u00e4ge des Tarifs &#8222;T3&#8220; f\u00fcr den \u00f6ffentlichen Personennahverkehr mit Autotaxis auf dem Gebiet der Autonomen Gemeinschaft der Kanarischen Inseln, der im Dekret 246\/2017 vom 26. Dezember festgelegt ist, mit dem die Tarife f\u00fcr den \u00f6ffentlichen Personennahverkehr mit Autotaxis auf dem Gebiet der Autonomen Gemeinschaft der Kanarischen Inseln genehmigt werden.<\/p>\n<p>Artikel 2 &#8211; \u00c4nderung der Betr\u00e4ge f\u00fcr den Intercity-Tarif &#8222;T3&#8220;.<\/p>\n<p>Der \u00dcberlandverkehr in Autotaxi-Fahrzeugen wird gem\u00e4\u00df dem \u00dcberlandtarif &#8222;T3&#8220; durchgef\u00fchrt, der in Artikel 17.3.c) der Taxidienstverordnung definiert ist, die durch das Dekret 74\/2012 vom 2. August genehmigt wurde, so dass die Tarife in Abschnitt 1 von Artikel 2 des Dekrets 246\/2017 vom 26. Dezember wie folgt lauten:<\/p>\n<p>A) Gew\u00f6hnliche Tage. Arbeitstage bei Tageslicht, von sechs Uhr bis zweiundzwanzig Uhr:<\/p>\n<\/div>\n<\/div>\n<\/div>\n<\/div>\n<\/div>\n<\/div>\n<\/div>\n<\/div>\n<div class=\"table-1\">\n<table>\n<tbody>\n<tr>\n<td>\n<div class=\"table-1\">\n<div class=\"table-1\">\n<p>Konzept<\/p>\n<\/div>\n<\/div>\n<\/td>\n<td>\n<div class=\"table-1\">\n<div class=\"table-1\">\n<p>Benutzertarif<\/p>\n<\/div>\n<\/div>\n<\/td>\n<\/tr>\n<tr>\n<td>\n<div class=\"table-1\">\n<div class=\"table-1\">\n<p>(a) Preis pro gefahrenen Kilometer<\/p>\n<\/div>\n<\/div>\n<\/td>\n<td>\n<div class=\"table-1\">\n<div class=\"table-1\">\n<p>1,35 \u20ac<\/p>\n<\/div>\n<\/div>\n<\/td>\n<\/tr>\n<tr>\n<td>\n<div class=\"table-1\">\n<div class=\"table-1\">\n<p>b) Minimum der Wahrnehmung (einschlie\u00dflich 1.500 Meter)<\/p>\n<\/div>\n<\/div>\n<\/td>\n<td>\n<div class=\"table-1\">\n<div class=\"table-1\">\n<p>3,85 \u20ac<\/p>\n<\/div>\n<\/div>\n<\/td>\n<\/tr>\n<tr>\n<td>\n<div class=\"table-1\">\n<div class=\"table-1\">\n<p>(c) Preis pro Stunde Wartezeit<\/p>\n<\/div>\n<\/div>\n<\/td>\n<td>\n<div class=\"table-1\">\n<div class=\"table-1\">\n<p>18,50 \u20ac<\/p>\n<\/div>\n<\/div>\n<\/td>\n<\/tr>\n<tr>\n<td>\n<div class=\"table-1\">\n<div class=\"table-1\">\n<p>(d) Erg\u00e4nzungen:<\/p>\n<\/div>\n<\/div>\n<\/td>\n<td><\/td>\n<\/tr>\n<tr>\n<td>\n<div class=\"table-1\">\n<div class=\"table-1\">\n<p>d.1) F\u00fcr den Funktaxidienst<\/p>\n<\/div>\n<\/div>\n<\/td>\n<td>\n<div class=\"table-1\">\n<div class=\"table-1\">\n<p>0,60 \u20ac<\/p>\n<\/div>\n<\/div>\n<\/td>\n<\/tr>\n<tr>\n<td>\n<div class=\"table-1\">\n<div class=\"table-1\">\n<p>(d.2) F\u00fcr Dienste von und nach Flughafen- oder Hafengebieten<\/p>\n<\/div>\n<\/div>\n<\/td>\n<td>\n<div class=\"table-1\">\n<div class=\"table-1\">\n<p>2,10 \u20ac<\/p>\n<\/div>\n<\/div>\n<\/td>\n<\/tr>\n<\/tbody>\n<\/table>\n<p>B) Besondere Tage. Arbeitstage w\u00e4hrend der Nacht, von Mitternacht bis sechs Uhr des folgenden Tages; sowie an Sonn- und Feiertagen, von Mitternacht bis vierundzwanzig Uhr:<\/p>\n<\/div>\n\n<div class=\"table-1\">\n<div class=\"table-1\">\n<div class=\"table-1\">\n<div class=\"table-1\">\n<div class=\"table-1\">\n<div class=\"table-1\">\n<div class=\"table-1\">\n<div class=\"table-1\">\n<div class=\"table-1\">\n<table>\n<tbody>\n<tr>\n<td>Konzept<\/td>\n<td>Benutzungsgeb\u00fchr<\/td>\n<\/tr>\n<tr>\n<td>\n<div class=\"table-1\">\n<div class=\"table-1\">\n<p>(a) Preis pro gefahrenen Kilometer<\/p>\n<\/div>\n<\/div>\n<\/td>\n<td>\n<div class=\"table-1\">\n<div class=\"table-1\">\n<p>1,55 \u20ac<\/p>\n<\/div>\n<\/div>\n<\/td>\n<\/tr>\n<tr>\n<td>\n<div class=\"table-1\">\n<div class=\"table-1\">\n<p>b) Minimum der Wahrnehmung (einschlie\u00dflich 1.500 Meter)<\/p>\n<\/div>\n<\/div>\n<\/td>\n<td>\n<div class=\"table-1\">\n<div class=\"table-1\">\n<p><span style=\"font-family: inherit; font-size: inherit;\">4,25 \u20ac<\/span><\/p>\n<\/div>\n<\/div>\n<\/td>\n<\/tr>\n<tr>\n<td>\n<div class=\"table-1\">\n<div class=\"table-1\">\n<p>(c) Preis pro Stunde Wartezeit<\/p>\n<\/div>\n<\/div>\n<\/td>\n<td>\n<div class=\"table-1\">\n<div class=\"table-1\">\n<p>18,50 \u20ac<\/p>\n<\/div>\n<\/div>\n<\/td>\n<\/tr>\n<tr>\n<td>\n<div class=\"table-1\">\n<div class=\"table-1\">\n<p>(d) Erg\u00e4nzungen:<\/p>\n<\/div>\n<\/div>\n<\/td>\n<td>\n<div class=\"table-1\">\n<div class=\"table-1\"><\/div>\n<\/div>\n<\/td>\n<\/tr>\n<tr>\n<td>\n<div class=\"table-1\">\n<div class=\"table-1\">\n<p>d.1) F\u00fcr den Funktaxidienst<\/p>\n<\/div>\n<\/div>\n<\/td>\n<td>\n<div class=\"table-1\">\n<div class=\"table-1\">\n<p>  0,60 \u20ac<\/p>\n<\/div>\n<\/div>\n<\/td>\n<\/tr>\n<tr>\n<td>\n<div class=\"table-1\">\n<div class=\"table-1\">\n<p>(d.2) F\u00fcr Dienste von und nach Flughafen- oder Hafengebieten<\/p>\n<\/div>\n<\/div>\n<\/td>\n<td>\n<div class=\"table-1\">\n<div class=\"table-1\">\n<p>2,10 \u20ac<\/p>\n<\/div>\n<\/div>\n<\/td>\n<\/tr>\n<\/tbody>\n<\/table>\n<\/div>\n<\/div>\n<\/div>\n<\/div>\n<\/div>\n<\/div>\n<\/div>\n<\/div>\n<div class=\"table-1\"><\/div>\n<div>\n<div class=\"table-1\">\n<div class=\"table-1\">\n<div class=\"table-1\">\n<div class=\"table-1\">\n<div class=\"table-1\">\n<div class=\"table-1\">\n<div class=\"table-1\">\n<div class=\"table-1\">\n<p>C) Tage w\u00e4hrend der Weihnachtszeit (24. und 31. Dezember, 5. Januar), von Mitternacht bis Mitternacht bis Mitternacht des folgenden Tages:<\/p>\n<\/div>\n<\/div>\n<\/div>\n<\/div>\n<\/div>\n<\/div>\n<\/div>\n<\/div>\n<\/div>\n<\/div>\n\n<div class=\"table-1\">\n<table style=\"height: 438px;\" width=\"773\">\n<tbody>\n<tr>\n<td>\n<div class=\"table-1\">\n<div class=\"table-1\">\n<p><span style=\"font-family: inherit; font-size: inherit;\">Konzept<\/span><\/p>\n<\/div>\n<\/div>\n<\/td>\n<td>\n<div class=\"table-1\">\n<div class=\"table-1\">\n<p>Benutzertarif<\/p>\n<\/div>\n<\/div>\n<\/td>\n<\/tr>\n<tr>\n<td>\n<div class=\"table-1\">\n<div class=\"table-1\">\n<p>(a) Preis pro gefahrenen Kilometer<\/p>\n<\/div>\n<\/div>\n<\/td>\n<td>\n<div class=\"table-1\">\n<div class=\"table-1\">\n<p>1,55 \u20ac<\/p>\n<\/div>\n<\/div>\n<\/td>\n<\/tr>\n<tr>\n<td>\n<div class=\"table-1\">\n<div class=\"table-1\">\n<p>b) Minimum an Wahrnehmung (einschlie\u00dflich 1.500 Meter) d) Erg\u00e4nzungen:<\/p>\n<\/div>\n<\/div>\n<\/td>\n<td>\n<div class=\"table-1\">\n<div class=\"table-1\">\n<p>6,54 \u20ac<\/p>\n<\/div>\n<\/div>\n<\/td>\n<\/tr>\n<tr>\n<td>\n<div class=\"table-1\">\n<div class=\"table-1\">\n<p>(c) Preis pro Stunde Wartezeit<\/p>\n<\/div>\n<\/div>\n<\/td>\n<td>\n<div class=\"table-1\">\n<div class=\"table-1\">\n<p>18,50 \u20ac<\/p>\n<\/div>\n<\/div>\n<\/td>\n<\/tr>\n<tr>\n<td>\n<div class=\"table-1\">\n<div class=\"table-1\">\n<p>(d) Erg\u00e4nzungen:<\/p>\n<\/div>\n<\/div>\n<\/td>\n<td>\n<div class=\"table-1\">\n<div class=\"table-1\"><\/div>\n<\/div>\n<\/td>\n<\/tr>\n<tr>\n<td>\n<div class=\"table-1\">\n<div class=\"table-1\">\n<p>d.1) F\u00fcr den Funktaxidienst<\/p>\n<\/div>\n<\/div>\n<\/td>\n<td>\n<div class=\"table-1\">\n<div class=\"table-1\">\n<p>0,60 \u20ac<\/p>\n<\/div>\n<\/div>\n<\/td>\n<\/tr>\n<tr>\n<td>\n<div class=\"table-1\">\n<div class=\"table-1\">\n<p>(d.2) F\u00fcr Dienste von und nach Flughafen- oder Hafengebieten<\/p>\n<\/div>\n<\/div>\n<\/td>\n<td>\n<div class=\"table-1\">\n<div class=\"table-1\">\n<p>2,10 \u20ac<\/p>\n<\/div>\n<\/div>\n<\/td>\n<\/tr>\n<\/tbody>\n<\/table>\n<\/div>\n\n<div class=\"table-1\">\n<p>TARIFE F\u00dcR DEN \u00d6FFENTLICHEN INTERURBANEN VERKEHR TARIFE F\u00dcR DEN \u00d6FFENTLICHEN INTERURBANEN GELEGENHEITSVERKEHR IN DER AUTONOMEN GEMEINSCHAFT DER KANARISCHEN INSELN<\/p>\n<table style=\"height: 965px;\" width=\"788\">\n<tbody>\n<tr>\n<td rowspan=\"2\" width=\"131\"><strong>KONZEPT<\/strong><\/td>\n<td colspan=\"3\" width=\"394\"><strong><sup>RATE1<\/sup><\/strong><\/td>\n<\/tr>\n<tr>\n<td width=\"132\"><strong>Wochentags von 6.00 Uhr bis 22.00 Uhr.<\/strong><\/td>\n<td width=\"132\"><strong>Wochentags von 22.00 Uhr bis 6.00 Uhr des Folgetages Sonntags und an Feiertagen von 0.00 Uhr bis Mitternacht<\/strong><\/td>\n<td width=\"131\"><strong>Weihnachtstage (24. und 31. Dezember, 5. Januar) von 22.00 Uhr bis 12.00 Uhr des Folgetages<\/strong><\/td>\n<\/tr>\n<tr>\n<td width=\"131\">Preis pro Kilometer<\/td>\n<td width=\"132\">1,35 \u20ac<\/td>\n<td width=\"132\">1,55 \u20ac<\/td>\n<td width=\"131\">1,55 \u20ac<\/td>\n<\/tr>\n<tr>\n<td width=\"131\">Mindestgeb\u00fchr<\/td>\n<td width=\"132\">3,85 \u20ac<\/td>\n<td width=\"132\">4,25 \u20ac<\/td>\n<td width=\"131\">6,54 \u20ac<\/td>\n<\/tr>\n<tr>\n<td width=\"131\">Preis pro Stunde Wartezeit<\/td>\n<td width=\"132\">18,50 \u20ac<\/td>\n<td width=\"132\">18,50 \u20ac<\/td>\n<td width=\"131\">18,50 \u20ac<\/td>\n<\/tr>\n<tr>\n<td width=\"131\">Zuschlag f\u00fcr Radio-Taxi-Service<\/td>\n<td colspan=\"3\" width=\"394\">0,60 \u20ac<\/td>\n<\/tr>\n<tr>\n<td width=\"131\">Aufpreis f\u00fcr Service zum\/vom Flughafen oder Hafenanlagen<\/td>\n<td colspan=\"3\" width=\"394\">2,10 \u20ac<\/td>\n<\/tr>\n<tr>\n<td width=\"131\">Wert des Sprungs<\/td>\n<td colspan=\"3\" width=\"394\">0,05 \u20ac<\/td>\n<\/tr>\n<\/tbody>\n<\/table>\n<\/div>\n<\/div><\/div><\/div><\/div>\n","protected":false},"excerpt":{"rendered":"","protected":false},"author":2,"featured_media":0,"parent":0,"menu_order":0,"comment_status":"closed","ping_status":"closed","template":"","meta":{"_joinchat":[],"footnotes":""},"class_list":["post-2770","page","type-page","status-publish","hentry"],"yoast_head":"<!-- This site is optimized with the Yoast SEO Premium plugin v26.7 (Yoast SEO v27.3) - https:\/\/yoast.com\/product\/yoast-seo-premium-wordpress\/ -->\n<title>Unsere Preise &#8226; Taxi Las Palmas | Taxi Flughafen Gran Canaria | Kuadricar<\/title>\n<meta name=\"description\" content=\"Bei KuadriCar finden Sie die besten Preise f\u00fcr Reisen auf Gran Canaria. Auch f\u00fcr Ihre Fahrten zum Flughafen LPA\" \/>\n<meta name=\"robots\" content=\"index, follow, max-snippet:-1, max-image-preview:large, max-video-preview:-1\" \/>\n<link rel=\"canonical\" href=\"https:\/\/kuadricar.com\/de\/nuestras-tarifas\/\" \/>\n<meta property=\"og:locale\" content=\"de_DE\" \/>\n<meta property=\"og:type\" content=\"article\" \/>\n<meta property=\"og:title\" content=\"Unsere Preise\" \/>\n<meta property=\"og:description\" content=\"Bei KuadriCar finden Sie die besten Preise f\u00fcr Reisen auf Gran Canaria. Auch f\u00fcr Ihre Fahrten zum Flughafen LPA\" \/>\n<meta property=\"og:url\" content=\"https:\/\/kuadricar.com\/de\/nuestras-tarifas\/\" \/>\n<meta property=\"og:site_name\" content=\"Taxi Las Palmas | Taxi Flughafen Gran Canaria | Kuadricar\" \/>\n<meta property=\"article:modified_time\" content=\"2024-11-01T15:48:35+00:00\" \/>\n<meta property=\"og:image\" content=\"https:\/\/kuadricar.com\/wp-content\/uploads\/2024\/11\/taxi-las-palmas.webp\" \/>\n\t<meta property=\"og:image:width\" content=\"1792\" \/>\n\t<meta property=\"og:image:height\" content=\"1024\" \/>\n\t<meta property=\"og:image:type\" content=\"image\/webp\" \/>\n<meta name=\"twitter:card\" content=\"summary_large_image\" \/>\n<meta name=\"twitter:label1\" content=\"Gesch\u00e4tzte Lesezeit\" \/>\n\t<meta name=\"twitter:data1\" content=\"3\u00a0Minuten\" \/>\n<script type=\"application\/ld+json\" class=\"yoast-schema-graph\">{\"@context\":\"https:\\\/\\\/schema.org\",\"@graph\":[{\"@type\":\"WebPage\",\"@id\":\"https:\\\/\\\/kuadricar.com\\\/de\\\/nuestras-tarifas\\\/\",\"url\":\"https:\\\/\\\/kuadricar.com\\\/de\\\/nuestras-tarifas\\\/\",\"name\":\"Unsere Preise &#8226; Taxi Las Palmas | Taxi Flughafen Gran Canaria | Kuadricar\",\"isPartOf\":{\"@id\":\"https:\\\/\\\/kuadricar.com\\\/de\\\/#website\"},\"datePublished\":\"2023-01-11T15:35:36+00:00\",\"dateModified\":\"2024-11-01T15:48:35+00:00\",\"description\":\"Bei KuadriCar finden Sie die besten Preise f\u00fcr Reisen auf Gran Canaria. Auch f\u00fcr Ihre Fahrten zum Flughafen LPA\",\"breadcrumb\":{\"@id\":\"https:\\\/\\\/kuadricar.com\\\/de\\\/nuestras-tarifas\\\/#breadcrumb\"},\"inLanguage\":\"de\",\"potentialAction\":[{\"@type\":\"ReadAction\",\"target\":[\"https:\\\/\\\/kuadricar.com\\\/de\\\/nuestras-tarifas\\\/\"]}]},{\"@type\":\"BreadcrumbList\",\"@id\":\"https:\\\/\\\/kuadricar.com\\\/de\\\/nuestras-tarifas\\\/#breadcrumb\",\"itemListElement\":[{\"@type\":\"ListItem\",\"position\":1,\"name\":\"Home\",\"item\":\"https:\\\/\\\/kuadricar.com\\\/de\\\/\"},{\"@type\":\"ListItem\",\"position\":2,\"name\":\"Unsere Preise\"}]},{\"@type\":\"WebSite\",\"@id\":\"https:\\\/\\\/kuadricar.com\\\/de\\\/#website\",\"url\":\"https:\\\/\\\/kuadricar.com\\\/de\\\/\",\"name\":\"Taxi Aeropuerto Gran Canaria | Taxi Las Palmas | Kuadricar\",\"description\":\"Entdecke Gran Canaria, reise mit komfort\",\"publisher\":{\"@id\":\"https:\\\/\\\/kuadricar.com\\\/de\\\/#organization\"},\"potentialAction\":[{\"@type\":\"SearchAction\",\"target\":{\"@type\":\"EntryPoint\",\"urlTemplate\":\"https:\\\/\\\/kuadricar.com\\\/de\\\/?s={search_term_string}\"},\"query-input\":{\"@type\":\"PropertyValueSpecification\",\"valueRequired\":true,\"valueName\":\"search_term_string\"}}],\"inLanguage\":\"de\"},{\"@type\":\"Organization\",\"@id\":\"https:\\\/\\\/kuadricar.com\\\/de\\\/#organization\",\"name\":\"KuadriCar\",\"url\":\"https:\\\/\\\/kuadricar.com\\\/de\\\/\",\"logo\":{\"@type\":\"ImageObject\",\"inLanguage\":\"de\",\"@id\":\"https:\\\/\\\/kuadricar.com\\\/de\\\/#\\\/schema\\\/logo\\\/image\\\/\",\"url\":\"https:\\\/\\\/kuadricar.com\\\/wp-content\\\/uploads\\\/2023\\\/02\\\/kuadricar-logo-180x180-1.png\",\"contentUrl\":\"https:\\\/\\\/kuadricar.com\\\/wp-content\\\/uploads\\\/2023\\\/02\\\/kuadricar-logo-180x180-1.png\",\"width\":180,\"height\":180,\"caption\":\"KuadriCar\"},\"image\":{\"@id\":\"https:\\\/\\\/kuadricar.com\\\/de\\\/#\\\/schema\\\/logo\\\/image\\\/\"},\"legalName\":\"KuadriCar SL\",\"vatID\":\"B44894012\",\"numberOfEmployees\":{\"@type\":\"QuantitativeValue\",\"minValue\":\"1\",\"maxValue\":\"10\"}}]}<\/script>\n<!-- \/ Yoast SEO Premium plugin. -->","yoast_head_json":{"title":"Unsere Preise &#8226; Taxi Las Palmas | Taxi Flughafen Gran Canaria | Kuadricar","description":"Bei KuadriCar finden Sie die besten Preise f\u00fcr Reisen auf Gran Canaria. Auch f\u00fcr Ihre Fahrten zum Flughafen LPA","robots":{"index":"index","follow":"follow","max-snippet":"max-snippet:-1","max-image-preview":"max-image-preview:large","max-video-preview":"max-video-preview:-1"},"canonical":"https:\/\/kuadricar.com\/de\/nuestras-tarifas\/","og_locale":"de_DE","og_type":"article","og_title":"Unsere Preise","og_description":"Bei KuadriCar finden Sie die besten Preise f\u00fcr Reisen auf Gran Canaria. Auch f\u00fcr Ihre Fahrten zum Flughafen LPA","og_url":"https:\/\/kuadricar.com\/de\/nuestras-tarifas\/","og_site_name":"Taxi Las Palmas | Taxi Flughafen Gran Canaria | Kuadricar","article_modified_time":"2024-11-01T15:48:35+00:00","og_image":[{"width":1792,"height":1024,"url":"https:\/\/kuadricar.com\/wp-content\/uploads\/2024\/11\/taxi-las-palmas.webp","type":"image\/webp"}],"twitter_card":"summary_large_image","twitter_misc":{"Gesch\u00e4tzte Lesezeit":"3\u00a0Minuten"},"schema":{"@context":"https:\/\/schema.org","@graph":[{"@type":"WebPage","@id":"https:\/\/kuadricar.com\/de\/nuestras-tarifas\/","url":"https:\/\/kuadricar.com\/de\/nuestras-tarifas\/","name":"Unsere Preise &#8226; Taxi Las Palmas | Taxi Flughafen Gran Canaria | Kuadricar","isPartOf":{"@id":"https:\/\/kuadricar.com\/de\/#website"},"datePublished":"2023-01-11T15:35:36+00:00","dateModified":"2024-11-01T15:48:35+00:00","description":"Bei KuadriCar finden Sie die besten Preise f\u00fcr Reisen auf Gran Canaria. Auch f\u00fcr Ihre Fahrten zum Flughafen LPA","breadcrumb":{"@id":"https:\/\/kuadricar.com\/de\/nuestras-tarifas\/#breadcrumb"},"inLanguage":"de","potentialAction":[{"@type":"ReadAction","target":["https:\/\/kuadricar.com\/de\/nuestras-tarifas\/"]}]},{"@type":"BreadcrumbList","@id":"https:\/\/kuadricar.com\/de\/nuestras-tarifas\/#breadcrumb","itemListElement":[{"@type":"ListItem","position":1,"name":"Home","item":"https:\/\/kuadricar.com\/de\/"},{"@type":"ListItem","position":2,"name":"Unsere Preise"}]},{"@type":"WebSite","@id":"https:\/\/kuadricar.com\/de\/#website","url":"https:\/\/kuadricar.com\/de\/","name":"Taxi Aeropuerto Gran Canaria | Taxi Las Palmas | Kuadricar","description":"Entdecke Gran Canaria, reise mit komfort","publisher":{"@id":"https:\/\/kuadricar.com\/de\/#organization"},"potentialAction":[{"@type":"SearchAction","target":{"@type":"EntryPoint","urlTemplate":"https:\/\/kuadricar.com\/de\/?s={search_term_string}"},"query-input":{"@type":"PropertyValueSpecification","valueRequired":true,"valueName":"search_term_string"}}],"inLanguage":"de"},{"@type":"Organization","@id":"https:\/\/kuadricar.com\/de\/#organization","name":"KuadriCar","url":"https:\/\/kuadricar.com\/de\/","logo":{"@type":"ImageObject","inLanguage":"de","@id":"https:\/\/kuadricar.com\/de\/#\/schema\/logo\/image\/","url":"https:\/\/kuadricar.com\/wp-content\/uploads\/2023\/02\/kuadricar-logo-180x180-1.png","contentUrl":"https:\/\/kuadricar.com\/wp-content\/uploads\/2023\/02\/kuadricar-logo-180x180-1.png","width":180,"height":180,"caption":"KuadriCar"},"image":{"@id":"https:\/\/kuadricar.com\/de\/#\/schema\/logo\/image\/"},"legalName":"KuadriCar SL","vatID":"B44894012","numberOfEmployees":{"@type":"QuantitativeValue","minValue":"1","maxValue":"10"}}]}},"_links":{"self":[{"href":"https:\/\/kuadricar.com\/de\/wp-json\/wp\/v2\/pages\/2770","targetHints":{"allow":["GET"]}}],"collection":[{"href":"https:\/\/kuadricar.com\/de\/wp-json\/wp\/v2\/pages"}],"about":[{"href":"https:\/\/kuadricar.com\/de\/wp-json\/wp\/v2\/types\/page"}],"author":[{"embeddable":true,"href":"https:\/\/kuadricar.com\/de\/wp-json\/wp\/v2\/users\/2"}],"replies":[{"embeddable":true,"href":"https:\/\/kuadricar.com\/de\/wp-json\/wp\/v2\/comments?post=2770"}],"version-history":[{"count":0,"href":"https:\/\/kuadricar.com\/de\/wp-json\/wp\/v2\/pages\/2770\/revisions"}],"wp:attachment":[{"href":"https:\/\/kuadricar.com\/de\/wp-json\/wp\/v2\/media?parent=2770"}],"curies":[{"name":"wp","href":"https:\/\/api.w.org\/{rel}","templated":true}]}}