{"id":5942,"date":"2024-03-16T11:13:52","date_gmt":"2024-03-16T11:13:52","guid":{"rendered":"https:\/\/kuadricar.com\/treiber\/"},"modified":"2024-03-16T17:55:59","modified_gmt":"2024-03-16T17:55:59","slug":"treiber","status":"publish","type":"page","link":"https:\/\/kuadricar.com\/de\/treiber\/","title":{"rendered":"Treiber"},"content":{"rendered":"<p><div class=\"fusion-fullwidth fullwidth-box fusion-builder-row-1 fusion-flex-container has-pattern-background has-mask-background nonhundred-percent-fullwidth non-hundred-percent-height-scrolling\" style=\"--awb-border-color:var(--awb-color5);--awb-border-radius-top-left:50px;--awb-border-radius-top-right:50px;--awb-border-radius-bottom-right:50px;--awb-border-radius-bottom-left:50px;--awb-overflow:hidden;--awb-margin-top:10%;--awb-margin-top-small:-5%;--awb-background-color:#00b050;--awb-flex-wrap:wrap;\" ><div class=\"fusion-builder-row fusion-row fusion-flex-align-items-flex-start fusion-flex-content-wrap\" style=\"max-width:1206.4px;margin-left: calc(-4% \/ 2 );margin-right: calc(-4% \/ 2 );\"><div class=\"fusion-layout-column fusion_builder_column fusion-builder-column-0 fusion_builder_column_1_2 1_2 fusion-flex-column\" style=\"--awb-bg-size:cover;--awb-width-large:50%;--awb-margin-top-large:25px;--awb-spacing-right-large:3.84%;--awb-margin-bottom-large:25px;--awb-spacing-left-large:3.84%;--awb-width-medium:100%;--awb-order-medium:0;--awb-spacing-right-medium:1.92%;--awb-spacing-left-medium:1.92%;--awb-width-small:100%;--awb-order-small:0;--awb-spacing-right-small:1.92%;--awb-spacing-left-small:1.92%;\"><div class=\"fusion-column-wrapper fusion-column-has-shadow fusion-flex-justify-content-flex-start fusion-content-layout-column\"><div class=\"fusion-title title fusion-title-1 fusion-title-text fusion-title-size-two\"><div class=\"title-sep-container title-sep-container-left fusion-no-large-visibility fusion-no-medium-visibility fusion-no-small-visibility\"><div class=\"title-sep sep-single sep-solid\" style=\"border-color:#ecefef;\"><\/div><\/div><span class=\"awb-title-spacer fusion-no-large-visibility fusion-no-medium-visibility fusion-no-small-visibility\"><\/span><h2 class=\"fusion-title-heading title-heading-left fusion-responsive-typography-calculated\" style=\"margin:0;--fontSize:46;line-height:-4;\"><span style=\"color: #ffffff;\">Weniger Arbeit bei h\u00f6herem Einkommen.  <\/span><\/h2><span class=\"awb-title-spacer\"><\/span><div class=\"title-sep-container title-sep-container-right\"><div class=\"title-sep sep-single sep-solid\" style=\"border-color:#ecefef;\"><\/div><\/div><\/div><div class=\"fusion-text fusion-text-1\" style=\"--awb-text-color:var(--awb-color1);--awb-margin-top:-5%;\"><h4><span style=\"color: #ffffff;\">Wenn Sie ein Taxifahrer sind und daran interessiert sind, KuadriCar beizutreten, z\u00f6gern Sie nicht und f\u00fcllen Sie unser Formular aus, Sie werden sehen, wie Ihr Einkommen fast m\u00fchelos w\u00e4chst.<\/span><\/h4>\n<\/div><div ><a class=\"fusion-button button-3d button-large button-custom fusion-button-default button-1 fusion-button-default-span \" style=\"--button_bevel_color:var(--awb-color8);--button_bevel_color_hover:var(--awb-color8);--button_accent_color:var(--awb-color1);--button_border_color:var(--awb-color8);--button_accent_hover_color:var(--awb-color1);--button_border_hover_color:var(--awb-color1);--button-border-radius-top-left:10px;--button-border-radius-top-right:10px;--button-border-radius-bottom-right:10px;--button-border-radius-bottom-left:10px;--button_gradient_top_color:#005e2a;--button_gradient_bottom_color:#005e2a;--button_gradient_top_color_hover:hsla(var(--awb-color5-h),calc(var(--awb-color5-s) + 6%),calc(var(--awb-color5-l) + 6%),var(--awb-color5-a));--button_gradient_bottom_color_hover:hsla(var(--awb-color5-h),calc(var(--awb-color5-s) + 6%),calc(var(--awb-color5-l) + 6%),var(--awb-color5-a));\" target=\"_self\" href=\"https:\/\/kuadricar.com\/de\/formulario-taxistas\/\"><span class=\"fusion-button-text awb-button__text awb-button__text--default\">Anmelden als Taxifahrer<\/span><\/a><\/div><div ><a class=\"fusion-button button-flat button-medium button-default fusion-button-default button-2 fusion-button-default-span fusion-button-default-type\" style=\"--button_bevel_color:var(--awb-color5);--button_bevel_color_hover:var(--awb-color5);--button_margin-top:5%;\" target=\"_self\" href=\"https:\/\/kuadricar.com\/wp-content\/uploads\/2023\/02\/Alta-Telegram.pdf\"><span class=\"fusion-button-text awb-button__text awb-button__text--default\">Erfahren Sie, wie Sie sich bei Telegram anmelden k\u00f6nnen <\/span><\/a><\/div><\/div><\/div><div class=\"fusion-layout-column fusion_builder_column fusion-builder-column-1 fusion_builder_column_1_2 1_2 fusion-flex-column\" style=\"--awb-overflow:hidden;--awb-bg-size:cover;--awb-border-radius:25px 25px 0px 0px;--awb-width-large:50%;--awb-margin-top-large:25px;--awb-spacing-right-large:3.84%;--awb-margin-bottom-large:25px;--awb-spacing-left-large:3.84%;--awb-width-medium:100%;--awb-order-medium:0;--awb-spacing-right-medium:1.92%;--awb-spacing-left-medium:1.92%;--awb-width-small:100%;--awb-order-small:0;--awb-margin-top-small:-5%;--awb-spacing-right-small:1.92%;--awb-spacing-left-small:1.92%;\" data-scroll-devices=\"small-visibility,medium-visibility,large-visibility\"><div class=\"fusion-column-wrapper fusion-column-has-shadow fusion-flex-justify-content-flex-start fusion-content-layout-column\"><div class=\"fusion-image-element \" style=\"--awb-aspect-ratio:1 \/ 1;--awb-margin-top-small:-5%;--awb-caption-title-font-family:var(--h2_typography-font-family);--awb-caption-title-font-weight:var(--h2_typography-font-weight);--awb-caption-title-font-style:var(--h2_typography-font-style);--awb-caption-title-size:var(--h2_typography-font-size);--awb-caption-title-transform:var(--h2_typography-text-transform);--awb-caption-title-line-height:var(--h2_typography-line-height);--awb-caption-title-letter-spacing:var(--h2_typography-letter-spacing);\"><span class=\" fusion-imageframe imageframe-none imageframe-1 hover-type-none has-aspect-ratio\"><img decoding=\"async\" width=\"300\" height=\"171\" alt=\"KuadriCar_Taxista\" title=\"KuadriCar_Taxista\" src=\"https:\/\/kuadricar.com\/wp-content\/uploads\/2023\/02\/KuadriCar_Taxista.webp\" data-orig-src=\"https:\/\/kuadricar.com\/wp-content\/uploads\/2023\/02\/KuadriCar_Taxista-300x171.webp\" class=\"lazyload img-responsive wp-image-5952 img-with-aspect-ratio\" data-parent-fit=\"cover\" data-parent-container=\".fusion-image-element\" srcset=\"data:image\/svg+xml,%3Csvg%20xmlns%3D%27http%3A%2F%2Fwww.w3.org%2F2000%2Fsvg%27%20width%3D%271792%27%20height%3D%271024%27%20viewBox%3D%270%200%201792%201024%27%3E%3Crect%20width%3D%271792%27%20height%3D%271024%27%20fill-opacity%3D%220%22%2F%3E%3C%2Fsvg%3E\" data-srcset=\"https:\/\/kuadricar.com\/wp-content\/uploads\/2023\/02\/KuadriCar_Taxista-200x114.webp 200w, https:\/\/kuadricar.com\/wp-content\/uploads\/2023\/02\/KuadriCar_Taxista-300x171.webp 300w, https:\/\/kuadricar.com\/wp-content\/uploads\/2023\/02\/KuadriCar_Taxista-400x229.webp 400w, https:\/\/kuadricar.com\/wp-content\/uploads\/2023\/02\/KuadriCar_Taxista-460x263.webp 460w, https:\/\/kuadricar.com\/wp-content\/uploads\/2023\/02\/KuadriCar_Taxista-600x343.webp 600w, https:\/\/kuadricar.com\/wp-content\/uploads\/2023\/02\/KuadriCar_Taxista-768x439.webp 768w, https:\/\/kuadricar.com\/wp-content\/uploads\/2023\/02\/KuadriCar_Taxista-800x457.webp 800w, https:\/\/kuadricar.com\/wp-content\/uploads\/2023\/02\/KuadriCar_Taxista-1024x585.webp 1024w, https:\/\/kuadricar.com\/wp-content\/uploads\/2023\/02\/KuadriCar_Taxista-1200x686.webp 1200w, https:\/\/kuadricar.com\/wp-content\/uploads\/2023\/02\/KuadriCar_Taxista-1536x878.webp 1536w, https:\/\/kuadricar.com\/wp-content\/uploads\/2023\/02\/KuadriCar_Taxista.webp 1792w\" data-sizes=\"auto\" data-orig-sizes=\"(max-width: 849px) 100vw, (max-width: 851px) 100vw, 600px\" \/><\/span><\/div><\/div><\/div><\/div><\/div><div class=\"fusion-fullwidth fullwidth-box fusion-builder-row-2 fusion-flex-container has-pattern-background has-mask-background nonhundred-percent-fullwidth non-hundred-percent-height-scrolling\" style=\"--awb-border-radius-top-left:0px;--awb-border-radius-top-right:0px;--awb-border-radius-bottom-right:0px;--awb-border-radius-bottom-left:0px;--awb-flex-wrap:wrap;\" ><div class=\"fusion-builder-row fusion-row fusion-flex-align-items-flex-start fusion-flex-content-wrap\" style=\"max-width:1206.4px;margin-left: calc(-4% \/ 2 );margin-right: calc(-4% \/ 2 );\"><div class=\"fusion-layout-column fusion_builder_column fusion-builder-column-2 fusion_builder_column_1_3 1_3 fusion-flex-column\" style=\"--awb-bg-size:cover;--awb-width-large:33.333333333333%;--awb-margin-top-large:25px;--awb-spacing-right-large:5.76%;--awb-margin-bottom-large:25px;--awb-spacing-left-large:5.76%;--awb-width-medium:100%;--awb-order-medium:0;--awb-spacing-right-medium:1.92%;--awb-spacing-left-medium:1.92%;--awb-width-small:100%;--awb-order-small:0;--awb-spacing-right-small:1.92%;--awb-spacing-left-small:1.92%;\"><div class=\"fusion-column-wrapper fusion-column-has-shadow fusion-flex-justify-content-flex-start fusion-content-layout-column\"><div class=\"fusion-text fusion-text-2\" style=\"--awb-text-color:#007a33;\"><p>Vergessen Sie Warteschlangen und Kundensuche<\/p>\n<\/div><div class=\"fusion-text fusion-text-3\"><p>Unsere Arbeitsphilosophie ist, dass der Taxifahrer die l\u00e4stigen Warteschlangen und die endlosen Runden mit dem Auto auf der Suche nach Kunden vergessen kann. Mit unserer revolution\u00e4ren App wird es der Kunde sein, der den Taxifahrer schnell, einfach und bequem findet.<\/p>\n<\/div><\/div><\/div><div class=\"fusion-layout-column fusion_builder_column fusion-builder-column-3 fusion_builder_column_1_3 1_3 fusion-flex-column\" style=\"--awb-bg-size:cover;--awb-width-large:33.333333333333%;--awb-margin-top-large:25px;--awb-spacing-right-large:5.76%;--awb-margin-bottom-large:25px;--awb-spacing-left-large:5.76%;--awb-width-medium:100%;--awb-order-medium:0;--awb-spacing-right-medium:1.92%;--awb-spacing-left-medium:1.92%;--awb-width-small:100%;--awb-order-small:0;--awb-margin-top-small:-5%;--awb-spacing-right-small:1.92%;--awb-spacing-left-small:1.92%;\" data-scroll-devices=\"small-visibility,medium-visibility,large-visibility\"><div class=\"fusion-column-wrapper fusion-column-has-shadow fusion-flex-justify-content-flex-start fusion-content-layout-column\"><div class=\"fusion-text fusion-text-4\" style=\"--awb-text-color:#007a33;\"><p>Eine App von und f\u00fcr Taxifahrer<\/p>\n<\/div><div class=\"fusion-text fusion-text-5\"><p>In Zusammenarbeit mit zahlreichen Fachleuten des Sektors und unter Einsatz der modernsten derzeit verf\u00fcgbaren Technologie haben wir eine intelligente Plattform entwickelt, die nicht nur auf Effektivit\u00e4t, sondern auch auf Effizienz ausgerichtet ist.<\/p>\n<\/div><\/div><\/div><div class=\"fusion-layout-column fusion_builder_column fusion-builder-column-4 fusion_builder_column_1_3 1_3 fusion-flex-column\" style=\"--awb-bg-size:cover;--awb-width-large:33.333333333333%;--awb-margin-top-large:25px;--awb-spacing-right-large:5.76%;--awb-margin-bottom-large:25px;--awb-spacing-left-large:5.76%;--awb-width-medium:100%;--awb-order-medium:0;--awb-spacing-right-medium:1.92%;--awb-spacing-left-medium:1.92%;--awb-width-small:100%;--awb-order-small:0;--awb-margin-top-small:-5%;--awb-spacing-right-small:1.92%;--awb-spacing-left-small:1.92%;\" data-scroll-devices=\"small-visibility,medium-visibility,large-visibility\"><div class=\"fusion-column-wrapper fusion-column-has-shadow fusion-flex-justify-content-flex-start fusion-content-layout-column\"><div class=\"fusion-text fusion-text-6\" style=\"--awb-text-color:#007a33;\"><p>Mit den besten Fachleuten des Sektors<\/p>\n<\/div><div class=\"fusion-text fusion-text-7\"><p>Wir verf\u00fcgen \u00fcber eine gro\u00dfe Anzahl von Fachleuten im Taxisektor, die es uns erm\u00f6glicht haben, eine hochmoderne Plattform und App auf nationaler Ebene aufzubauen.<\/p>\n<\/div><\/div><\/div><\/div><\/div><div class=\"fusion-fullwidth fullwidth-box fusion-builder-row-3 fusion-flex-container has-pattern-background has-mask-background nonhundred-percent-fullwidth non-hundred-percent-height-scrolling\" style=\"--awb-border-radius-top-left:30px;--awb-border-radius-top-right:30px;--awb-border-radius-bottom-right:30px;--awb-border-radius-bottom-left:30px;--awb-overflow:hidden;--awb-margin-top:3%;--awb-background-color:#f2f2f2;--awb-flex-wrap:wrap;\" ><div class=\"fusion-builder-row fusion-row fusion-flex-align-items-flex-start fusion-flex-content-wrap\" style=\"max-width:1206.4px;margin-left: calc(-4% \/ 2 );margin-right: calc(-4% \/ 2 );\"><div class=\"fusion-layout-column fusion_builder_column fusion-builder-column-5 fusion_builder_column_1_2 1_2 fusion-flex-column\" style=\"--awb-bg-size:cover;--awb-width-large:50%;--awb-margin-top-large:25px;--awb-spacing-right-large:3.84%;--awb-margin-bottom-large:25px;--awb-spacing-left-large:3.84%;--awb-width-medium:100%;--awb-order-medium:0;--awb-spacing-right-medium:1.92%;--awb-spacing-left-medium:1.92%;--awb-width-small:100%;--awb-order-small:0;--awb-spacing-right-small:1.92%;--awb-spacing-left-small:1.92%;\"><div class=\"fusion-column-wrapper fusion-column-has-shadow fusion-flex-justify-content-flex-start fusion-content-layout-column\"><div class=\"fusion-image-element \" style=\"--awb-aspect-ratio:2 \/ 1;--awb-caption-title-font-family:var(--h2_typography-font-family);--awb-caption-title-font-weight:var(--h2_typography-font-weight);--awb-caption-title-font-style:var(--h2_typography-font-style);--awb-caption-title-size:var(--h2_typography-font-size);--awb-caption-title-transform:var(--h2_typography-text-transform);--awb-caption-title-line-height:var(--h2_typography-line-height);--awb-caption-title-letter-spacing:var(--h2_typography-letter-spacing);\"><span class=\" fusion-imageframe imageframe-none imageframe-2 hover-type-none has-aspect-ratio\"><img decoding=\"async\" width=\"300\" height=\"300\" alt=\"KuadriCar_levels\" title=\"KuadriCar_levels\" src=\"https:\/\/kuadricar.com\/wp-content\/uploads\/2024\/03\/KuadriCar_levels.webp\" data-orig-src=\"https:\/\/kuadricar.com\/wp-content\/uploads\/2024\/03\/KuadriCar_levels-300x300.webp\" class=\"lazyload img-responsive wp-image-5965 img-with-aspect-ratio\" data-parent-fit=\"cover\" data-parent-container=\".fusion-image-element\" srcset=\"data:image\/svg+xml,%3Csvg%20xmlns%3D%27http%3A%2F%2Fwww.w3.org%2F2000%2Fsvg%27%20width%3D%271024%27%20height%3D%271024%27%20viewBox%3D%270%200%201024%201024%27%3E%3Crect%20width%3D%271024%27%20height%3D%271024%27%20fill-opacity%3D%220%22%2F%3E%3C%2Fsvg%3E\" data-srcset=\"https:\/\/kuadricar.com\/wp-content\/uploads\/2024\/03\/KuadriCar_levels-66x66.webp 66w, https:\/\/kuadricar.com\/wp-content\/uploads\/2024\/03\/KuadriCar_levels-150x150.webp 150w, https:\/\/kuadricar.com\/wp-content\/uploads\/2024\/03\/KuadriCar_levels-200x200.webp 200w, https:\/\/kuadricar.com\/wp-content\/uploads\/2024\/03\/KuadriCar_levels-300x300.webp 300w, https:\/\/kuadricar.com\/wp-content\/uploads\/2024\/03\/KuadriCar_levels-306x306.webp 306w, https:\/\/kuadricar.com\/wp-content\/uploads\/2024\/03\/KuadriCar_levels-400x400.webp 400w, https:\/\/kuadricar.com\/wp-content\/uploads\/2024\/03\/KuadriCar_levels-533x533.webp 533w, https:\/\/kuadricar.com\/wp-content\/uploads\/2024\/03\/KuadriCar_levels-600x600.webp 600w, https:\/\/kuadricar.com\/wp-content\/uploads\/2024\/03\/KuadriCar_levels-768x768.webp 768w, https:\/\/kuadricar.com\/wp-content\/uploads\/2024\/03\/KuadriCar_levels-800x800.webp 800w, https:\/\/kuadricar.com\/wp-content\/uploads\/2024\/03\/KuadriCar_levels.webp 1024w\" data-sizes=\"auto\" data-orig-sizes=\"(max-width: 849px) 100vw, (max-width: 851px) 100vw, 600px\" \/><\/span><\/div><\/div><\/div><div class=\"fusion-layout-column fusion_builder_column fusion-builder-column-6 fusion_builder_column_1_2 1_2 fusion-flex-column\" style=\"--awb-bg-size:cover;--awb-width-large:50%;--awb-margin-top-large:25px;--awb-spacing-right-large:3.84%;--awb-margin-bottom-large:25px;--awb-spacing-left-large:3.84%;--awb-width-medium:100%;--awb-order-medium:0;--awb-spacing-right-medium:1.92%;--awb-spacing-left-medium:1.92%;--awb-width-small:100%;--awb-order-small:0;--awb-margin-top-small:-5%;--awb-spacing-right-small:1.92%;--awb-spacing-left-small:1.92%;\" data-scroll-devices=\"small-visibility,medium-visibility,large-visibility\"><div class=\"fusion-column-wrapper fusion-column-has-shadow fusion-flex-justify-content-flex-start fusion-content-layout-column\"><div class=\"fusion-text fusion-text-8\" style=\"--awb-text-color:#007a33;\"><h4>Mit revolution\u00e4rem KuadriCar Levels System<\/h4>\n<\/div><div class=\"fusion-text fusion-text-9\"><p>Bei diesem System handelt es sich um ein Punktesystem, bei dem die Fahrer Punkte sammeln und verschiedene Stufen erreichen k\u00f6nnen, die dann in Vorteile innerhalb der Plattform umgesetzt werden.<\/p>\n<p>Dieses System besteht aus drei verschiedenen Stufen: Bronze Driver, Silver Driver und Gold Driver.<\/p>\n<\/div><\/div><\/div><\/div><\/div><\/p>\n","protected":false},"excerpt":{"rendered":"","protected":false},"author":2,"featured_media":0,"parent":0,"menu_order":0,"comment_status":"closed","ping_status":"closed","template":"100-width.php","meta":{"_joinchat":[],"footnotes":""},"class_list":["post-5942","page","type-page","status-publish","hentry"],"yoast_head":"<!-- This site is optimized with the Yoast SEO Premium plugin v26.7 (Yoast SEO v27.3) - https:\/\/yoast.com\/product\/yoast-seo-premium-wordpress\/ -->\n<title>Treiber &#8226; Taxi Las Palmas | Taxi Flughafen Gran Canaria | Kuadricar<\/title>\n<meta name=\"robots\" content=\"noindex, nofollow\" \/>\n<meta property=\"og:locale\" content=\"de_DE\" \/>\n<meta property=\"og:type\" content=\"article\" \/>\n<meta property=\"og:title\" content=\"Treiber\" \/>\n<meta property=\"og:url\" content=\"https:\/\/kuadricar.com\/de\/treiber\/\" \/>\n<meta property=\"og:site_name\" content=\"Taxi Las Palmas | Taxi Flughafen Gran Canaria | Kuadricar\" \/>\n<meta property=\"article:modified_time\" content=\"2024-03-16T17:55:59+00:00\" \/>\n<meta property=\"og:image\" content=\"https:\/\/kuadricar.com\/wp-content\/uploads\/2024\/11\/taxi-las-palmas.webp\" \/>\n\t<meta property=\"og:image:width\" content=\"1792\" \/>\n\t<meta property=\"og:image:height\" content=\"1024\" \/>\n\t<meta property=\"og:image:type\" content=\"image\/webp\" \/>\n<meta name=\"twitter:card\" content=\"summary_large_image\" \/>\n<meta name=\"twitter:label1\" content=\"Gesch\u00e4tzte Lesezeit\" \/>\n\t<meta name=\"twitter:data1\" content=\"36\u00a0Minuten\" \/>\n<script type=\"application\/ld+json\" class=\"yoast-schema-graph\">{\"@context\":\"https:\\\/\\\/schema.org\",\"@graph\":[{\"@type\":\"WebPage\",\"@id\":\"https:\\\/\\\/kuadricar.com\\\/de\\\/treiber\\\/\",\"url\":\"https:\\\/\\\/kuadricar.com\\\/de\\\/treiber\\\/\",\"name\":\"Treiber &#8226; Taxi Las Palmas | Taxi Flughafen Gran Canaria | Kuadricar\",\"isPartOf\":{\"@id\":\"https:\\\/\\\/kuadricar.com\\\/de\\\/#website\"},\"datePublished\":\"2024-03-16T11:13:52+00:00\",\"dateModified\":\"2024-03-16T17:55:59+00:00\",\"breadcrumb\":{\"@id\":\"https:\\\/\\\/kuadricar.com\\\/de\\\/treiber\\\/#breadcrumb\"},\"inLanguage\":\"de\",\"potentialAction\":[{\"@type\":\"ReadAction\",\"target\":[\"https:\\\/\\\/kuadricar.com\\\/de\\\/treiber\\\/\"]}]},{\"@type\":\"BreadcrumbList\",\"@id\":\"https:\\\/\\\/kuadricar.com\\\/de\\\/treiber\\\/#breadcrumb\",\"itemListElement\":[{\"@type\":\"ListItem\",\"position\":1,\"name\":\"Home\",\"item\":\"https:\\\/\\\/kuadricar.com\\\/de\\\/\"},{\"@type\":\"ListItem\",\"position\":2,\"name\":\"Treiber\"}]},{\"@type\":\"WebSite\",\"@id\":\"https:\\\/\\\/kuadricar.com\\\/de\\\/#website\",\"url\":\"https:\\\/\\\/kuadricar.com\\\/de\\\/\",\"name\":\"Taxi Aeropuerto Gran Canaria | Taxi Las Palmas | Kuadricar\",\"description\":\"Entdecke Gran Canaria, reise mit komfort\",\"publisher\":{\"@id\":\"https:\\\/\\\/kuadricar.com\\\/de\\\/#organization\"},\"potentialAction\":[{\"@type\":\"SearchAction\",\"target\":{\"@type\":\"EntryPoint\",\"urlTemplate\":\"https:\\\/\\\/kuadricar.com\\\/de\\\/?s={search_term_string}\"},\"query-input\":{\"@type\":\"PropertyValueSpecification\",\"valueRequired\":true,\"valueName\":\"search_term_string\"}}],\"inLanguage\":\"de\"},{\"@type\":\"Organization\",\"@id\":\"https:\\\/\\\/kuadricar.com\\\/de\\\/#organization\",\"name\":\"KuadriCar\",\"url\":\"https:\\\/\\\/kuadricar.com\\\/de\\\/\",\"logo\":{\"@type\":\"ImageObject\",\"inLanguage\":\"de\",\"@id\":\"https:\\\/\\\/kuadricar.com\\\/de\\\/#\\\/schema\\\/logo\\\/image\\\/\",\"url\":\"https:\\\/\\\/kuadricar.com\\\/wp-content\\\/uploads\\\/2023\\\/02\\\/kuadricar-logo-180x180-1.png\",\"contentUrl\":\"https:\\\/\\\/kuadricar.com\\\/wp-content\\\/uploads\\\/2023\\\/02\\\/kuadricar-logo-180x180-1.png\",\"width\":180,\"height\":180,\"caption\":\"KuadriCar\"},\"image\":{\"@id\":\"https:\\\/\\\/kuadricar.com\\\/de\\\/#\\\/schema\\\/logo\\\/image\\\/\"},\"legalName\":\"KuadriCar SL\",\"vatID\":\"B44894012\",\"numberOfEmployees\":{\"@type\":\"QuantitativeValue\",\"minValue\":\"1\",\"maxValue\":\"10\"}}]}<\/script>\n<!-- \/ Yoast SEO Premium plugin. -->","yoast_head_json":{"title":"Treiber &#8226; Taxi Las Palmas | Taxi Flughafen Gran Canaria | Kuadricar","robots":{"index":"noindex","follow":"nofollow"},"og_locale":"de_DE","og_type":"article","og_title":"Treiber","og_url":"https:\/\/kuadricar.com\/de\/treiber\/","og_site_name":"Taxi Las Palmas | Taxi Flughafen Gran Canaria | Kuadricar","article_modified_time":"2024-03-16T17:55:59+00:00","og_image":[{"width":1792,"height":1024,"url":"https:\/\/kuadricar.com\/wp-content\/uploads\/2024\/11\/taxi-las-palmas.webp","type":"image\/webp"}],"twitter_card":"summary_large_image","twitter_misc":{"Gesch\u00e4tzte Lesezeit":"36\u00a0Minuten"},"schema":{"@context":"https:\/\/schema.org","@graph":[{"@type":"WebPage","@id":"https:\/\/kuadricar.com\/de\/treiber\/","url":"https:\/\/kuadricar.com\/de\/treiber\/","name":"Treiber &#8226; Taxi Las Palmas | Taxi Flughafen Gran Canaria | Kuadricar","isPartOf":{"@id":"https:\/\/kuadricar.com\/de\/#website"},"datePublished":"2024-03-16T11:13:52+00:00","dateModified":"2024-03-16T17:55:59+00:00","breadcrumb":{"@id":"https:\/\/kuadricar.com\/de\/treiber\/#breadcrumb"},"inLanguage":"de","potentialAction":[{"@type":"ReadAction","target":["https:\/\/kuadricar.com\/de\/treiber\/"]}]},{"@type":"BreadcrumbList","@id":"https:\/\/kuadricar.com\/de\/treiber\/#breadcrumb","itemListElement":[{"@type":"ListItem","position":1,"name":"Home","item":"https:\/\/kuadricar.com\/de\/"},{"@type":"ListItem","position":2,"name":"Treiber"}]},{"@type":"WebSite","@id":"https:\/\/kuadricar.com\/de\/#website","url":"https:\/\/kuadricar.com\/de\/","name":"Taxi Aeropuerto Gran Canaria | Taxi Las Palmas | Kuadricar","description":"Entdecke Gran Canaria, reise mit komfort","publisher":{"@id":"https:\/\/kuadricar.com\/de\/#organization"},"potentialAction":[{"@type":"SearchAction","target":{"@type":"EntryPoint","urlTemplate":"https:\/\/kuadricar.com\/de\/?s={search_term_string}"},"query-input":{"@type":"PropertyValueSpecification","valueRequired":true,"valueName":"search_term_string"}}],"inLanguage":"de"},{"@type":"Organization","@id":"https:\/\/kuadricar.com\/de\/#organization","name":"KuadriCar","url":"https:\/\/kuadricar.com\/de\/","logo":{"@type":"ImageObject","inLanguage":"de","@id":"https:\/\/kuadricar.com\/de\/#\/schema\/logo\/image\/","url":"https:\/\/kuadricar.com\/wp-content\/uploads\/2023\/02\/kuadricar-logo-180x180-1.png","contentUrl":"https:\/\/kuadricar.com\/wp-content\/uploads\/2023\/02\/kuadricar-logo-180x180-1.png","width":180,"height":180,"caption":"KuadriCar"},"image":{"@id":"https:\/\/kuadricar.com\/de\/#\/schema\/logo\/image\/"},"legalName":"KuadriCar SL","vatID":"B44894012","numberOfEmployees":{"@type":"QuantitativeValue","minValue":"1","maxValue":"10"}}]}},"_links":{"self":[{"href":"https:\/\/kuadricar.com\/de\/wp-json\/wp\/v2\/pages\/5942","targetHints":{"allow":["GET"]}}],"collection":[{"href":"https:\/\/kuadricar.com\/de\/wp-json\/wp\/v2\/pages"}],"about":[{"href":"https:\/\/kuadricar.com\/de\/wp-json\/wp\/v2\/types\/page"}],"author":[{"embeddable":true,"href":"https:\/\/kuadricar.com\/de\/wp-json\/wp\/v2\/users\/2"}],"replies":[{"embeddable":true,"href":"https:\/\/kuadricar.com\/de\/wp-json\/wp\/v2\/comments?post=5942"}],"version-history":[{"count":0,"href":"https:\/\/kuadricar.com\/de\/wp-json\/wp\/v2\/pages\/5942\/revisions"}],"wp:attachment":[{"href":"https:\/\/kuadricar.com\/de\/wp-json\/wp\/v2\/media?parent=5942"}],"curies":[{"name":"wp","href":"https:\/\/api.w.org\/{rel}","templated":true}]}}