{"id":4601,"date":"2023-01-11T15:35:36","date_gmt":"2023-01-11T15:35:36","guid":{"rendered":"https:\/\/kuadricar.com\/nuestras-tarifas\/"},"modified":"2024-11-01T15:48:35","modified_gmt":"2024-11-01T15:48:35","slug":"nuestras-tarifas","status":"publish","type":"page","link":"https:\/\/kuadricar.com\/fr\/nuestras-tarifas\/","title":{"rendered":"Nos tarifs"},"content":{"rendered":"<div class=\"fusion-fullwidth fullwidth-box fusion-builder-row-1 fusion-flex-container nonhundred-percent-fullwidth non-hundred-percent-height-scrolling\" style=\"--awb-border-radius-top-left:0px;--awb-border-radius-top-right:0px;--awb-border-radius-bottom-right:0px;--awb-border-radius-bottom-left:0px;--awb-flex-wrap:wrap;\" ><div class=\"fusion-builder-row fusion-row fusion-flex-align-items-flex-start fusion-flex-content-wrap\" style=\"max-width:1206.4px;margin-left: calc(-4% \/ 2 );margin-right: calc(-4% \/ 2 );\"><div class=\"fusion-layout-column fusion_builder_column fusion-builder-column-0 fusion_builder_column_1_1 1_1 fusion-flex-column\" style=\"--awb-bg-size:cover;--awb-width-large:100%;--awb-margin-top-large:0px;--awb-spacing-right-large:1.92%;--awb-margin-bottom-large:0px;--awb-spacing-left-large:1.92%;--awb-width-medium:100%;--awb-spacing-right-medium:1.92%;--awb-spacing-left-medium:1.92%;--awb-width-small:100%;--awb-spacing-right-small:1.92%;--awb-spacing-left-small:1.92%;\"><div class=\"fusion-column-wrapper fusion-flex-justify-content-flex-start fusion-content-layout-column\"><div class=\"fusion-text fusion-text-1\" style=\"--awb-font-size:45px;\"><p style=\"text-align: center;\">Nos tarifs<\/p>\n<\/div><div class=\"fusion-text fusion-text-2\"><p class=\"p1\" style=\"text-align: center;\"><b>Tarifs applicables<a href=\"http:\/\/www.gobiernodecanarias.org\/boc\/archivo\/2023\/059\/\" target=\"_blank\" rel=\"noopener\">(BOC n\u00b0 59 ORDRE du 14 mars 2023<\/a>)<\/b><\/p>\n<div class=\"page\" title=\"Page 5\">\n<div class=\"layoutArea\">\n<div class=\"column\">\n<p style=\"text-align: center;\">TARIFS DES SERVICES DE TRANSPORT PUBLIC INTERURBAIN<\/p>\n<p style=\"text-align: center;\">LES TARIFS DU SERVICE DE TRANSPORT PUBLIC OCCASIONNEL INTERURBAIN DE<\/p>\n<\/div>\n<\/div>\n<div class=\"layoutArea\" style=\"text-align: center;\">\n<div class=\"column\">\n<p>LE TRANSPORT DE PASSAGERS DANS LES TAXIS FOURNIS DANS LES<\/p>\n<\/div>\n<\/div>\n<div class=\"layoutArea\" style=\"text-align: center;\">\n<div class=\"column\">\n<p>VOYAGEURS DANS LES TAXIS V\u00c9HICULES PR\u00caT\u00c9S DANS LA COMMUNAUT\u00c9 AUTONOME DE<\/p>\n<\/div>\n<\/div>\n<div class=\"layoutArea\">\n<div class=\"column\">\n<p style=\"text-align: center;\">COMMUNAUT\u00c9 AUTONOME DES \u00ceLES CANARIES.<\/p>\n<\/div>\n<\/div>\n<div class=\"layoutArea\">\n<div class=\"column\">\n<div class=\"page\" title=\"Page 3\">\n<div class=\"section\">\n<div class=\"layoutArea\">\n<div class=\"column\">\n<p>Article 1 &#8211; Objet et champ d&rsquo;application.<\/p>\n<p>Le pr\u00e9sent arr\u00eat\u00e9 a pour objet la modification des montants du tarif \u00a0\u00bb T3 \u00a0\u00bb du service de transport public discr\u00e9tionnaire interurbain en v\u00e9hicules autotaxis fourni dans la zone territoriale de la Communaut\u00e9 autonome des Canaries, \u00e9tabli dans le d\u00e9cret 246\/2017, du 26 d\u00e9cembre, qui approuve les tarifs du service de transport public discr\u00e9tionnaire interurbain de passagers en v\u00e9hicules autotaxis fourni dans la Communaut\u00e9 autonome des Canaries.<\/p>\n<p>Article 2 &#8211; Modification des montants du tarif interurbain \u00ab\u00a0T3&Prime;.<\/p>\n<p>Le service interurbain de transport public discr\u00e9tionnaire dans les v\u00e9hicules autotaxis est r\u00e9alis\u00e9 conform\u00e9ment au tarif interurbain \u00a0\u00bb T3 \u00ab\u00a0, d\u00e9fini \u00e0 l&rsquo;article 17.3.c) du r\u00e8glement du service de taxi, approuv\u00e9 par le d\u00e9cret 74\/2012, du 2 ao\u00fbt, de sorte que les tarifs de la section 1 de l&rsquo;article 2 du d\u00e9cret 246\/2017, du 26 d\u00e9cembre, sont les suivants :<\/p>\n<p>A) Jours ordinaires. Les journ\u00e9es de travail se d\u00e9roulent de jour, de six heures \u00e0 vingt-deux heures :<\/p>\n<\/div>\n<\/div>\n<\/div>\n<\/div>\n<\/div>\n<\/div>\n<\/div>\n<\/div>\n<div class=\"table-1\">\n<table>\n<tbody>\n<tr>\n<td>\n<div class=\"table-1\">\n<div class=\"table-1\">\n<p>Concept<\/p>\n<\/div>\n<\/div>\n<\/td>\n<td>\n<div class=\"table-1\">\n<div class=\"table-1\">\n<p>Tarif utilisateur<\/p>\n<\/div>\n<\/div>\n<\/td>\n<\/tr>\n<tr>\n<td>\n<div class=\"table-1\">\n<div class=\"table-1\">\n<p>(a) Prix par kilom\u00e8tre parcouru<\/p>\n<\/div>\n<\/div>\n<\/td>\n<td>\n<div class=\"table-1\">\n<div class=\"table-1\">\n<p>1,35 \u20ac<\/p>\n<\/div>\n<\/div>\n<\/td>\n<\/tr>\n<tr>\n<td>\n<div class=\"table-1\">\n<div class=\"table-1\">\n<p>b) Minimum de perception (y compris 1 500 m\u00e8tres)<\/p>\n<\/div>\n<\/div>\n<\/td>\n<td>\n<div class=\"table-1\">\n<div class=\"table-1\">\n<p>3,85 \u20ac<\/p>\n<\/div>\n<\/div>\n<\/td>\n<\/tr>\n<tr>\n<td>\n<div class=\"table-1\">\n<div class=\"table-1\">\n<p>(c) Prix par heure de temps d&rsquo;attente<\/p>\n<\/div>\n<\/div>\n<\/td>\n<td>\n<div class=\"table-1\">\n<div class=\"table-1\">\n<p>18,50 \u20ac<\/p>\n<\/div>\n<\/div>\n<\/td>\n<\/tr>\n<tr>\n<td>\n<div class=\"table-1\">\n<div class=\"table-1\">\n<p>(d) Suppl\u00e9ments :<\/p>\n<\/div>\n<\/div>\n<\/td>\n<td><\/td>\n<\/tr>\n<tr>\n<td>\n<div class=\"table-1\">\n<div class=\"table-1\">\n<p>d.1) Pour le service de radio-taxi<\/p>\n<\/div>\n<\/div>\n<\/td>\n<td>\n<div class=\"table-1\">\n<div class=\"table-1\">\n<p>0,60 \u20ac<\/p>\n<\/div>\n<\/div>\n<\/td>\n<\/tr>\n<tr>\n<td>\n<div class=\"table-1\">\n<div class=\"table-1\">\n<p>(d.2) Pour les services \u00e0 destination et en provenance des zones a\u00e9roportuaires ou portuaires<\/p>\n<\/div>\n<\/div>\n<\/td>\n<td>\n<div class=\"table-1\">\n<div class=\"table-1\">\n<p>2,10 \u20ac<\/p>\n<\/div>\n<\/div>\n<\/td>\n<\/tr>\n<\/tbody>\n<\/table>\n<p>B) Journ\u00e9es sp\u00e9ciales. Les jours ouvrables de nuit, de minuit \u00e0 six heures le lendemain, ainsi que les dimanches et jours f\u00e9ri\u00e9s, de minuit \u00e0 vingt-quatre heures :<\/p>\n<\/div>\n\n<div class=\"table-1\">\n<div class=\"table-1\">\n<div class=\"table-1\">\n<div class=\"table-1\">\n<div class=\"table-1\">\n<div class=\"table-1\">\n<div class=\"table-1\">\n<div class=\"table-1\">\n<div class=\"table-1\">\n<table>\n<tbody>\n<tr>\n<td>Concept<\/td>\n<td>Frais d&rsquo;utilisation<\/td>\n<\/tr>\n<tr>\n<td>\n<div class=\"table-1\">\n<div class=\"table-1\">\n<p>(a) Prix par kilom\u00e8tre parcouru<\/p>\n<\/div>\n<\/div>\n<\/td>\n<td>\n<div class=\"table-1\">\n<div class=\"table-1\">\n<p>1,55 \u20ac<\/p>\n<\/div>\n<\/div>\n<\/td>\n<\/tr>\n<tr>\n<td>\n<div class=\"table-1\">\n<div class=\"table-1\">\n<p>b) Minimum de perception (y compris 1 500 m\u00e8tres)<\/p>\n<\/div>\n<\/div>\n<\/td>\n<td>\n<div class=\"table-1\">\n<div class=\"table-1\">\n<p><span style=\"font-family: inherit; font-size: inherit;\">4,25 \u20ac<\/span><\/p>\n<\/div>\n<\/div>\n<\/td>\n<\/tr>\n<tr>\n<td>\n<div class=\"table-1\">\n<div class=\"table-1\">\n<p>(c) Prix par heure de temps d&rsquo;attente<\/p>\n<\/div>\n<\/div>\n<\/td>\n<td>\n<div class=\"table-1\">\n<div class=\"table-1\">\n<p>18,50 \u20ac<\/p>\n<\/div>\n<\/div>\n<\/td>\n<\/tr>\n<tr>\n<td>\n<div class=\"table-1\">\n<div class=\"table-1\">\n<p>(d) Suppl\u00e9ments :<\/p>\n<\/div>\n<\/div>\n<\/td>\n<td>\n<div class=\"table-1\">\n<div class=\"table-1\"><\/div>\n<\/div>\n<\/td>\n<\/tr>\n<tr>\n<td>\n<div class=\"table-1\">\n<div class=\"table-1\">\n<p>d.1) Pour le service de radio-taxi<\/p>\n<\/div>\n<\/div>\n<\/td>\n<td>\n<div class=\"table-1\">\n<div class=\"table-1\">\n<p>  0,60 \u20ac<\/p>\n<\/div>\n<\/div>\n<\/td>\n<\/tr>\n<tr>\n<td>\n<div class=\"table-1\">\n<div class=\"table-1\">\n<p>(d.2) Pour les services \u00e0 destination et en provenance des zones a\u00e9roportuaires ou portuaires<\/p>\n<\/div>\n<\/div>\n<\/td>\n<td>\n<div class=\"table-1\">\n<div class=\"table-1\">\n<p>2,10 \u20ac<\/p>\n<\/div>\n<\/div>\n<\/td>\n<\/tr>\n<\/tbody>\n<\/table>\n<\/div>\n<\/div>\n<\/div>\n<\/div>\n<\/div>\n<\/div>\n<\/div>\n<\/div>\n<div class=\"table-1\"><\/div>\n<div>\n<div class=\"table-1\">\n<div class=\"table-1\">\n<div class=\"table-1\">\n<div class=\"table-1\">\n<div class=\"table-1\">\n<div class=\"table-1\">\n<div class=\"table-1\">\n<div class=\"table-1\">\n<p>C) Les jours de la p\u00e9riode de No\u00ebl (24 et 31 d\u00e9cembre, 5 janvier), de minuit \u00e0 minuit jusqu&rsquo;\u00e0 minuit le jour suivant :<\/p>\n<\/div>\n<\/div>\n<\/div>\n<\/div>\n<\/div>\n<\/div>\n<\/div>\n<\/div>\n<\/div>\n<\/div>\n\n<div class=\"table-1\">\n<table style=\"height: 438px;\" width=\"773\">\n<tbody>\n<tr>\n<td>\n<div class=\"table-1\">\n<div class=\"table-1\">\n<p><span style=\"font-family: inherit; font-size: inherit;\">Concept<\/span><\/p>\n<\/div>\n<\/div>\n<\/td>\n<td>\n<div class=\"table-1\">\n<div class=\"table-1\">\n<p>Tarif utilisateur<\/p>\n<\/div>\n<\/div>\n<\/td>\n<\/tr>\n<tr>\n<td>\n<div class=\"table-1\">\n<div class=\"table-1\">\n<p>(a) Prix par kilom\u00e8tre parcouru<\/p>\n<\/div>\n<\/div>\n<\/td>\n<td>\n<div class=\"table-1\">\n<div class=\"table-1\">\n<p>1,55 \u20ac<\/p>\n<\/div>\n<\/div>\n<\/td>\n<\/tr>\n<tr>\n<td>\n<div class=\"table-1\">\n<div class=\"table-1\">\n<p>b) Minimum de perception (qui comprend 1 500 m\u00e8tres) d) Suppl\u00e9ments :<\/p>\n<\/div>\n<\/div>\n<\/td>\n<td>\n<div class=\"table-1\">\n<div class=\"table-1\">\n<p>6,54 \u20ac<\/p>\n<\/div>\n<\/div>\n<\/td>\n<\/tr>\n<tr>\n<td>\n<div class=\"table-1\">\n<div class=\"table-1\">\n<p>(c) Prix par heure de temps d&rsquo;attente<\/p>\n<\/div>\n<\/div>\n<\/td>\n<td>\n<div class=\"table-1\">\n<div class=\"table-1\">\n<p>18,50 \u20ac<\/p>\n<\/div>\n<\/div>\n<\/td>\n<\/tr>\n<tr>\n<td>\n<div class=\"table-1\">\n<div class=\"table-1\">\n<p>(d) Suppl\u00e9ments :<\/p>\n<\/div>\n<\/div>\n<\/td>\n<td>\n<div class=\"table-1\">\n<div class=\"table-1\"><\/div>\n<\/div>\n<\/td>\n<\/tr>\n<tr>\n<td>\n<div class=\"table-1\">\n<div class=\"table-1\">\n<p>d.1) Pour le service de radio-taxi<\/p>\n<\/div>\n<\/div>\n<\/td>\n<td>\n<div class=\"table-1\">\n<div class=\"table-1\">\n<p>0,60 \u20ac<\/p>\n<\/div>\n<\/div>\n<\/td>\n<\/tr>\n<tr>\n<td>\n<div class=\"table-1\">\n<div class=\"table-1\">\n<p>(d.2) Pour les services \u00e0 destination et en provenance des zones a\u00e9roportuaires ou portuaires<\/p>\n<\/div>\n<\/div>\n<\/td>\n<td>\n<div class=\"table-1\">\n<div class=\"table-1\">\n<p>2,10 \u20ac<\/p>\n<\/div>\n<\/div>\n<\/td>\n<\/tr>\n<\/tbody>\n<\/table>\n<\/div>\n\n<div class=\"table-1\">\n<p>TARIFS DU SERVICE DE TRANSPORT PUBLIC INTERURBAIN TARIFS DU SERVICE DE TRANSPORT PUBLIC OCCASIONNEL INTERURBAIN DANS LA COMMUNAUT\u00c9 AUTONOME DES \u00ceLES CANARIES<\/p>\n<table style=\"height: 965px;\" width=\"788\">\n<tbody>\n<tr>\n<td rowspan=\"2\" width=\"131\"><strong>CONCEPT<\/strong><\/td>\n<td colspan=\"3\" width=\"394\"><strong><sup>TAUX1<\/sup><\/strong><\/td>\n<\/tr>\n<tr>\n<td width=\"132\"><strong>En semaine de 6h00 \u00e0 22h00<\/strong><\/td>\n<td width=\"132\"><strong>En semaine de 22 heures \u00e0 6 heures le lendemain Dimanche et jours f\u00e9ri\u00e9s de 0 heure \u00e0 minuit<\/strong><\/td>\n<td width=\"131\"><strong>Jours de No\u00ebl (24 et 31 d\u00e9cembre, 5 janvier) de 22 heures \u00e0 minuit le lendemain<\/strong><\/td>\n<\/tr>\n<tr>\n<td width=\"131\">Prix par kilom\u00e8tre<\/td>\n<td width=\"132\">1,35 \u20ac<\/td>\n<td width=\"132\">1,55 \u20ac<\/td>\n<td width=\"131\">1,55 \u20ac<\/td>\n<\/tr>\n<tr>\n<td width=\"131\">Tarif minimum<\/td>\n<td width=\"132\">3,85 \u20ac<\/td>\n<td width=\"132\">4,25 \u20ac<\/td>\n<td width=\"131\">6,54 \u20ac<\/td>\n<\/tr>\n<tr>\n<td width=\"131\">Prix par heure d&rsquo;attente<\/td>\n<td width=\"132\">18,50 \u20ac<\/td>\n<td width=\"132\">18,50 \u20ac<\/td>\n<td width=\"131\">18,50 \u20ac<\/td>\n<\/tr>\n<tr>\n<td width=\"131\">Suppl\u00e9ment pour service de radio-taxi<\/td>\n<td colspan=\"3\" width=\"394\">0,60 \u20ac<\/td>\n<\/tr>\n<tr>\n<td width=\"131\">Suppl\u00e9ment pour le service vers\/depuis l&rsquo;a\u00e9roport ou les installations portuaires<\/td>\n<td colspan=\"3\" width=\"394\">2,10 \u20ac<\/td>\n<\/tr>\n<tr>\n<td width=\"131\">La valeur du saut<\/td>\n<td colspan=\"3\" width=\"394\">0,05 \u20ac<\/td>\n<\/tr>\n<\/tbody>\n<\/table>\n<\/div>\n<\/div><\/div><\/div><\/div>\n","protected":false},"excerpt":{"rendered":"","protected":false},"author":2,"featured_media":0,"parent":0,"menu_order":0,"comment_status":"closed","ping_status":"closed","template":"","meta":{"_joinchat":[],"footnotes":""},"class_list":["post-4601","page","type-page","status-publish","hentry"],"yoast_head":"<!-- This site is optimized with the Yoast SEO Premium plugin v26.7 (Yoast SEO v27.3) - https:\/\/yoast.com\/product\/yoast-seo-premium-wordpress\/ -->\n<title>Nos tarifs &#8226; Taxi Las Palmas | Taxi A\u00e9roport de Gran Canaria | Kuadricar<\/title>\n<meta name=\"description\" content=\"Chez KuadriCar, vous trouverez les meilleurs prix pour vos d\u00e9placements en Grande Canarie. Aussi pour vos d\u00e9placements vers l&#039;a\u00e9roport de LPA\" \/>\n<meta name=\"robots\" content=\"index, follow, max-snippet:-1, max-image-preview:large, max-video-preview:-1\" \/>\n<link rel=\"canonical\" href=\"https:\/\/kuadricar.com\/fr\/nuestras-tarifas\/\" \/>\n<meta property=\"og:locale\" content=\"fr_FR\" \/>\n<meta property=\"og:type\" content=\"article\" \/>\n<meta property=\"og:title\" content=\"Nos tarifs\" \/>\n<meta property=\"og:description\" content=\"Chez KuadriCar, vous trouverez les meilleurs prix pour vos d\u00e9placements en Grande Canarie. Aussi pour vos d\u00e9placements vers l&#039;a\u00e9roport de LPA\" \/>\n<meta property=\"og:url\" content=\"https:\/\/kuadricar.com\/fr\/nuestras-tarifas\/\" \/>\n<meta property=\"og:site_name\" content=\"Taxi Las Palmas | Taxi A\u00e9roport de Gran Canaria | Kuadricar\" \/>\n<meta property=\"article:modified_time\" content=\"2024-11-01T15:48:35+00:00\" \/>\n<meta property=\"og:image\" content=\"https:\/\/kuadricar.com\/wp-content\/uploads\/2024\/11\/taxi-las-palmas.webp\" \/>\n\t<meta property=\"og:image:width\" content=\"1792\" \/>\n\t<meta property=\"og:image:height\" content=\"1024\" \/>\n\t<meta property=\"og:image:type\" content=\"image\/webp\" \/>\n<meta name=\"twitter:card\" content=\"summary_large_image\" \/>\n<meta name=\"twitter:label1\" content=\"Dur\u00e9e de lecture estim\u00e9e\" \/>\n\t<meta name=\"twitter:data1\" content=\"3 minutes\" \/>\n<script type=\"application\/ld+json\" class=\"yoast-schema-graph\">{\"@context\":\"https:\\\/\\\/schema.org\",\"@graph\":[{\"@type\":\"WebPage\",\"@id\":\"https:\\\/\\\/kuadricar.com\\\/fr\\\/nuestras-tarifas\\\/\",\"url\":\"https:\\\/\\\/kuadricar.com\\\/fr\\\/nuestras-tarifas\\\/\",\"name\":\"Nos tarifs &#8226; Taxi Las Palmas | Taxi A\u00e9roport de Gran Canaria | Kuadricar\",\"isPartOf\":{\"@id\":\"https:\\\/\\\/kuadricar.com\\\/fr\\\/#website\"},\"datePublished\":\"2023-01-11T15:35:36+00:00\",\"dateModified\":\"2024-11-01T15:48:35+00:00\",\"description\":\"Chez KuadriCar, vous trouverez les meilleurs prix pour vos d\u00e9placements en Grande Canarie. Aussi pour vos d\u00e9placements vers l'a\u00e9roport de LPA\",\"breadcrumb\":{\"@id\":\"https:\\\/\\\/kuadricar.com\\\/fr\\\/nuestras-tarifas\\\/#breadcrumb\"},\"inLanguage\":\"fr-FR\",\"potentialAction\":[{\"@type\":\"ReadAction\",\"target\":[\"https:\\\/\\\/kuadricar.com\\\/fr\\\/nuestras-tarifas\\\/\"]}]},{\"@type\":\"BreadcrumbList\",\"@id\":\"https:\\\/\\\/kuadricar.com\\\/fr\\\/nuestras-tarifas\\\/#breadcrumb\",\"itemListElement\":[{\"@type\":\"ListItem\",\"position\":1,\"name\":\"Home\",\"item\":\"https:\\\/\\\/kuadricar.com\\\/fr\\\/\"},{\"@type\":\"ListItem\",\"position\":2,\"name\":\"Nos tarifs\"}]},{\"@type\":\"WebSite\",\"@id\":\"https:\\\/\\\/kuadricar.com\\\/fr\\\/#website\",\"url\":\"https:\\\/\\\/kuadricar.com\\\/fr\\\/\",\"name\":\"Taxi Aeropuerto Gran Canaria | Taxi Las Palmas | Kuadricar\",\"description\":\"D\u00e9couvrez Gran Canaria, voyagez avec confort\",\"publisher\":{\"@id\":\"https:\\\/\\\/kuadricar.com\\\/fr\\\/#organization\"},\"potentialAction\":[{\"@type\":\"SearchAction\",\"target\":{\"@type\":\"EntryPoint\",\"urlTemplate\":\"https:\\\/\\\/kuadricar.com\\\/fr\\\/?s={search_term_string}\"},\"query-input\":{\"@type\":\"PropertyValueSpecification\",\"valueRequired\":true,\"valueName\":\"search_term_string\"}}],\"inLanguage\":\"fr-FR\"},{\"@type\":\"Organization\",\"@id\":\"https:\\\/\\\/kuadricar.com\\\/fr\\\/#organization\",\"name\":\"KuadriCar\",\"url\":\"https:\\\/\\\/kuadricar.com\\\/fr\\\/\",\"logo\":{\"@type\":\"ImageObject\",\"inLanguage\":\"fr-FR\",\"@id\":\"https:\\\/\\\/kuadricar.com\\\/fr\\\/#\\\/schema\\\/logo\\\/image\\\/\",\"url\":\"https:\\\/\\\/kuadricar.com\\\/wp-content\\\/uploads\\\/2023\\\/02\\\/kuadricar-logo-180x180-1.png\",\"contentUrl\":\"https:\\\/\\\/kuadricar.com\\\/wp-content\\\/uploads\\\/2023\\\/02\\\/kuadricar-logo-180x180-1.png\",\"width\":180,\"height\":180,\"caption\":\"KuadriCar\"},\"image\":{\"@id\":\"https:\\\/\\\/kuadricar.com\\\/fr\\\/#\\\/schema\\\/logo\\\/image\\\/\"},\"legalName\":\"KuadriCar SL\",\"vatID\":\"B44894012\",\"numberOfEmployees\":{\"@type\":\"QuantitativeValue\",\"minValue\":\"1\",\"maxValue\":\"10\"}}]}<\/script>\n<!-- \/ Yoast SEO Premium plugin. -->","yoast_head_json":{"title":"Nos tarifs &#8226; Taxi Las Palmas | Taxi A\u00e9roport de Gran Canaria | Kuadricar","description":"Chez KuadriCar, vous trouverez les meilleurs prix pour vos d\u00e9placements en Grande Canarie. Aussi pour vos d\u00e9placements vers l'a\u00e9roport de LPA","robots":{"index":"index","follow":"follow","max-snippet":"max-snippet:-1","max-image-preview":"max-image-preview:large","max-video-preview":"max-video-preview:-1"},"canonical":"https:\/\/kuadricar.com\/fr\/nuestras-tarifas\/","og_locale":"fr_FR","og_type":"article","og_title":"Nos tarifs","og_description":"Chez KuadriCar, vous trouverez les meilleurs prix pour vos d\u00e9placements en Grande Canarie. Aussi pour vos d\u00e9placements vers l'a\u00e9roport de LPA","og_url":"https:\/\/kuadricar.com\/fr\/nuestras-tarifas\/","og_site_name":"Taxi Las Palmas | Taxi A\u00e9roport de Gran Canaria | Kuadricar","article_modified_time":"2024-11-01T15:48:35+00:00","og_image":[{"width":1792,"height":1024,"url":"https:\/\/kuadricar.com\/wp-content\/uploads\/2024\/11\/taxi-las-palmas.webp","type":"image\/webp"}],"twitter_card":"summary_large_image","twitter_misc":{"Dur\u00e9e de lecture estim\u00e9e":"3 minutes"},"schema":{"@context":"https:\/\/schema.org","@graph":[{"@type":"WebPage","@id":"https:\/\/kuadricar.com\/fr\/nuestras-tarifas\/","url":"https:\/\/kuadricar.com\/fr\/nuestras-tarifas\/","name":"Nos tarifs &#8226; Taxi Las Palmas | Taxi A\u00e9roport de Gran Canaria | Kuadricar","isPartOf":{"@id":"https:\/\/kuadricar.com\/fr\/#website"},"datePublished":"2023-01-11T15:35:36+00:00","dateModified":"2024-11-01T15:48:35+00:00","description":"Chez KuadriCar, vous trouverez les meilleurs prix pour vos d\u00e9placements en Grande Canarie. Aussi pour vos d\u00e9placements vers l'a\u00e9roport de LPA","breadcrumb":{"@id":"https:\/\/kuadricar.com\/fr\/nuestras-tarifas\/#breadcrumb"},"inLanguage":"fr-FR","potentialAction":[{"@type":"ReadAction","target":["https:\/\/kuadricar.com\/fr\/nuestras-tarifas\/"]}]},{"@type":"BreadcrumbList","@id":"https:\/\/kuadricar.com\/fr\/nuestras-tarifas\/#breadcrumb","itemListElement":[{"@type":"ListItem","position":1,"name":"Home","item":"https:\/\/kuadricar.com\/fr\/"},{"@type":"ListItem","position":2,"name":"Nos tarifs"}]},{"@type":"WebSite","@id":"https:\/\/kuadricar.com\/fr\/#website","url":"https:\/\/kuadricar.com\/fr\/","name":"Taxi Aeropuerto Gran Canaria | Taxi Las Palmas | Kuadricar","description":"D\u00e9couvrez Gran Canaria, voyagez avec confort","publisher":{"@id":"https:\/\/kuadricar.com\/fr\/#organization"},"potentialAction":[{"@type":"SearchAction","target":{"@type":"EntryPoint","urlTemplate":"https:\/\/kuadricar.com\/fr\/?s={search_term_string}"},"query-input":{"@type":"PropertyValueSpecification","valueRequired":true,"valueName":"search_term_string"}}],"inLanguage":"fr-FR"},{"@type":"Organization","@id":"https:\/\/kuadricar.com\/fr\/#organization","name":"KuadriCar","url":"https:\/\/kuadricar.com\/fr\/","logo":{"@type":"ImageObject","inLanguage":"fr-FR","@id":"https:\/\/kuadricar.com\/fr\/#\/schema\/logo\/image\/","url":"https:\/\/kuadricar.com\/wp-content\/uploads\/2023\/02\/kuadricar-logo-180x180-1.png","contentUrl":"https:\/\/kuadricar.com\/wp-content\/uploads\/2023\/02\/kuadricar-logo-180x180-1.png","width":180,"height":180,"caption":"KuadriCar"},"image":{"@id":"https:\/\/kuadricar.com\/fr\/#\/schema\/logo\/image\/"},"legalName":"KuadriCar SL","vatID":"B44894012","numberOfEmployees":{"@type":"QuantitativeValue","minValue":"1","maxValue":"10"}}]}},"_links":{"self":[{"href":"https:\/\/kuadricar.com\/fr\/wp-json\/wp\/v2\/pages\/4601","targetHints":{"allow":["GET"]}}],"collection":[{"href":"https:\/\/kuadricar.com\/fr\/wp-json\/wp\/v2\/pages"}],"about":[{"href":"https:\/\/kuadricar.com\/fr\/wp-json\/wp\/v2\/types\/page"}],"author":[{"embeddable":true,"href":"https:\/\/kuadricar.com\/fr\/wp-json\/wp\/v2\/users\/2"}],"replies":[{"embeddable":true,"href":"https:\/\/kuadricar.com\/fr\/wp-json\/wp\/v2\/comments?post=4601"}],"version-history":[{"count":0,"href":"https:\/\/kuadricar.com\/fr\/wp-json\/wp\/v2\/pages\/4601\/revisions"}],"wp:attachment":[{"href":"https:\/\/kuadricar.com\/fr\/wp-json\/wp\/v2\/media?parent=4601"}],"curies":[{"name":"wp","href":"https:\/\/api.w.org\/{rel}","templated":true}]}}